{"id":19,"date":"2012-09-21T12:03:37","date_gmt":"2012-09-21T11:03:37","guid":{"rendered":"http:\/\/www.heymstede.nl\/?page_id=19"},"modified":"2024-07-15T13:56:46","modified_gmt":"2024-07-15T12:56:46","slug":"hoe-komen-wij-tot-een-advies","status":"publish","type":"page","link":"https:\/\/www.heymstede.nl\/?page_id=19","title":{"rendered":"Onafhankelijk in uw belang"},"content":{"rendered":"<p><em>Adviesvrij<img loading=\"lazy\" decoding=\"async\" class=\"alignright wp-image-250 \" src=\"https:\/\/www.heymstede.nl\/wp-content\/uploads\/2023\/12\/haven-blauwe-stad.jpg\" alt=\"\" width=\"363\" height=\"272\" srcset=\"https:\/\/www.heymstede.nl\/wp-content\/uploads\/2023\/12\/haven-blauwe-stad.jpg 2000w, https:\/\/www.heymstede.nl\/wp-content\/uploads\/2023\/12\/haven-blauwe-stad-300x225.jpg 300w, https:\/\/www.heymstede.nl\/wp-content\/uploads\/2023\/12\/haven-blauwe-stad-1024x768.jpg 1024w, https:\/\/www.heymstede.nl\/wp-content\/uploads\/2023\/12\/haven-blauwe-stad-768x576.jpg 768w, https:\/\/www.heymstede.nl\/wp-content\/uploads\/2023\/12\/haven-blauwe-stad-1536x1152.jpg 1536w\" sizes=\"auto, (max-width: 363px) 100vw, 363px\" \/><\/em><em><br \/>\n<\/em>Ons kantoor heeft geen enkele verplichting om financi\u00eble producten bij \u00e9\u00e9n of meer financi\u00eble instellingen onder te brengen. Wij zijn dus volledig vrij in onze advisering.<\/p>\n<p><em>Ondernemersvrijheid<\/em><em><br \/>\n<\/em>Geen enkele financi\u00eble instelling zoals een bank of een verzekeringsmaatschappij heeft een eigendomsbelang of zeggenschap in onze onderneming. Deze vrijheid om u te kunnen adviseren wat wij in uw belang vinden, gaan hand in hand met onze vrijheid als ondernemer.<\/p>\n<p><em>Keuze van aanbieders<\/em><br \/>\nDe markt kent veel aanbieders van financi\u00eble producten en diensten. Wij werken met speciale vergelijkingsprogramma`s die het mogelijk maken om een objectieve analyse te maken van\u00a0nagenoeg de gehele markt.<\/p>\n<p>Uit al deze aanbieders zullen wij een aanbod selecteren dat goed past bij uw persoonlijke wensen. Deze vergelijking maken wij op basis van een groot aantal factoren. Natuurlijk valt daar\u00a0de hoogte van de premie onder. Maar ook de kwaliteit van de voorwaarden en de ervaring met de instelling hoe die zich opstelt indien een beroep wordt gedaan op een uitkering. Omdat wij op deze wijze werken kunnen wij als een ongebonden, objectieve bemiddelaar voor u optreden.<\/p>\n<h1 class=\"main_title\">AFM \/ KiFiD \/ KvK<\/h1>\n<div class=\"post-content clearfix\">\n<div class=\"entry_content\">\n<p><strong><em>Lidmaatschappen en registraties<br \/>\n<\/em><\/strong><br \/>\nOns kantoor is bij 2 verschillende organisaties geregistreerd. Deze zijn:<\/p>\n<p>* AFM<br \/>\n* KiFiD<\/p>\n<p>Ook zijn wij aangesloten bij de branchevereniging EFD-Noord en bij de Commissie Financi\u00eble Dienstverlening<\/p>\n<p><strong>Autoriteit Financi\u00eble Markten (AFM)<\/strong><strong><br \/>\n<\/strong>De AFM houdt krachtens de wet toezicht op de deskundigheid en integriteit van de dienstverlening van onder meer financi\u00eble adviseurs. Ons kantoor is bij de AFM geregistreerd onder nummer 12049823. Het register kunt u raadplegen op <a href=\"http:\/\/www.afm.nl\/\"><strong>www.afm.nl<\/strong><\/a><\/p>\n<p><strong>Klachten Instituut Financi\u00eble Dienstverlening (KiFiD)<\/strong><strong><br \/>\n<\/strong>Wij doen ons uiterste best u zo goed mogelijk van dienst te zijn. Maar mocht u toch een klacht over onze dienstverlening hebben, en wij komen er samen niet uit, dan kunt u zich wenden tot het Klachten Instituut Financi\u00eble Dienstverlening, een onafhankelijke stichting die uw klacht kan beoordelen. Wij staan hier ingeschreven onder nummer 300.018809<\/p>\n<p><strong>Kamer van Koophandel<\/strong><br \/>\nIn het handelsregister van de Kamer van Koophandel staan wij geregistreerd onder nummer 92012736.<\/p>\n<\/div>\n<\/div>\n","protected":false},"excerpt":{"rendered":"<p>Adviesvrij Ons kantoor heeft geen enkele verplichting om financi\u00eble producten bij \u00e9\u00e9n of meer financi\u00eble instellingen onder te brengen. Wij zijn dus volledig vrij in onze advisering. Ondernemersvrijheid Geen enkele financi\u00eble instelling zoals een bank of een verzekeringsmaatschappij heeft een eigendomsbelang of zeggenschap in onze onderneming. Deze vrijheid om u te kunnen adviseren wat wij [&hellip;]<\/p>\n","protected":false},"author":1,"featured_media":0,"parent":0,"menu_order":0,"comment_status":"open","ping_status":"open","template":"","meta":{"footnotes":""},"class_list":["post-19","page","type-page","status-publish","hentry"],"_links":{"self":[{"href":"https:\/\/www.heymstede.nl\/index.php?rest_route=\/wp\/v2\/pages\/19","targetHints":{"allow":["GET"]}}],"collection":[{"href":"https:\/\/www.heymstede.nl\/index.php?rest_route=\/wp\/v2\/pages"}],"about":[{"href":"https:\/\/www.heymstede.nl\/index.php?rest_route=\/wp\/v2\/types\/page"}],"author":[{"embeddable":true,"href":"https:\/\/www.heymstede.nl\/index.php?rest_route=\/wp\/v2\/users\/1"}],"replies":[{"embeddable":true,"href":"https:\/\/www.heymstede.nl\/index.php?rest_route=%2Fwp%2Fv2%2Fcomments&post=19"}],"version-history":[{"count":20,"href":"https:\/\/www.heymstede.nl\/index.php?rest_route=\/wp\/v2\/pages\/19\/revisions"}],"predecessor-version":[{"id":272,"href":"https:\/\/www.heymstede.nl\/index.php?rest_route=\/wp\/v2\/pages\/19\/revisions\/272"}],"wp:attachment":[{"href":"https:\/\/www.heymstede.nl\/index.php?rest_route=%2Fwp%2Fv2%2Fmedia&parent=19"}],"curies":[{"name":"wp","href":"https:\/\/api.w.org\/{rel}","templated":true}]}}